{"id":14,"date":"2021-02-22T13:11:31","date_gmt":"2021-02-22T13:11:31","guid":{"rendered":"http:\/\/nudelsoppa.se\/?page_id=14"},"modified":"2021-02-22T13:12:15","modified_gmt":"2021-02-22T13:12:15","slug":"om-bloggen","status":"publish","type":"page","link":"http:\/\/nudelsoppa.se\/?page_id=14","title":{"rendered":"Om bloggen"},"content":{"rendered":"<p><img loading=\"lazy\" decoding=\"async\" class=\"alignnone size-full wp-image-17\" src=\"http:\/\/nudelsoppa.se\/wp-content\/uploads\/2021\/02\/nudelsoppa-1.jpg\" alt=\"\" width=\"512\" height=\"341\" srcset=\"http:\/\/nudelsoppa.se\/wp-content\/uploads\/2021\/02\/nudelsoppa-1.jpg 512w, http:\/\/nudelsoppa.se\/wp-content\/uploads\/2021\/02\/nudelsoppa-1-300x200.jpg 300w\" sizes=\"auto, (max-width: 512px) 100vw, 512px\" \/><\/p>\n<p>Hej p\u00e5 dig, och tack f\u00f6r att du bes\u00f6ker min blogg!<\/p>\n<p>Jag heter Adam och \u00e4r en 19 \u00e5rig student som \u00e4lskar livet och har d\u00e4rf\u00f6r v\u00e4ldigt m\u00e5nga olika hobbyn. Nudelsoppa klarar jag mig inte utan och d\u00e4rf\u00f6r k\u00e4nde jag det var vore ett klockrent namnval p\u00e5 denna blogg som jag hoppas uppdateras regelbundet. Det \u00e4r lite sv\u00e5rt att f\u00e5 ihop schemat d\u00e5 mina dagar ofta \u00e4r l\u00e5nga och jag spenderar stor del av min tid att spela tennis och meka med bilen. Jag \u00e4r inget proffs p\u00e5 n\u00e5got av dom men har en enorm passion f\u00f6r b\u00e5de sport och bilar och kan besvara dom flesta fr\u00e5gorna som kan t\u00e4nkas uppkomma.<\/p>\n<p>Jag hoppas att du uppskattar mina inl\u00e4gg p\u00e5 sidan, har ni n\u00e5gra fr\u00e5gor kan ni kontakta mig p\u00e5 adam_hob@nudelsoppa.se<\/p>\n<p>\/Adam<\/p>\n","protected":false},"excerpt":{"rendered":"<p>Hej p\u00e5 dig, och tack f\u00f6r att du bes\u00f6ker min blogg! Jag heter Adam och \u00e4r en 19 \u00e5rig student som \u00e4lskar livet och har d\u00e4rf\u00f6r v\u00e4ldigt m\u00e5nga olika hobbyn. Nudelsoppa klarar jag mig inte&hellip;<\/p>\n","protected":false},"author":1,"featured_media":0,"parent":0,"menu_order":0,"comment_status":"closed","ping_status":"closed","template":"","meta":{"footnotes":""},"class_list":["post-14","page","type-page","status-publish","hentry"],"_links":{"self":[{"href":"http:\/\/nudelsoppa.se\/index.php?rest_route=\/wp\/v2\/pages\/14","targetHints":{"allow":["GET"]}}],"collection":[{"href":"http:\/\/nudelsoppa.se\/index.php?rest_route=\/wp\/v2\/pages"}],"about":[{"href":"http:\/\/nudelsoppa.se\/index.php?rest_route=\/wp\/v2\/types\/page"}],"author":[{"embeddable":true,"href":"http:\/\/nudelsoppa.se\/index.php?rest_route=\/wp\/v2\/users\/1"}],"replies":[{"embeddable":true,"href":"http:\/\/nudelsoppa.se\/index.php?rest_route=%2Fwp%2Fv2%2Fcomments&post=14"}],"version-history":[{"count":2,"href":"http:\/\/nudelsoppa.se\/index.php?rest_route=\/wp\/v2\/pages\/14\/revisions"}],"predecessor-version":[{"id":18,"href":"http:\/\/nudelsoppa.se\/index.php?rest_route=\/wp\/v2\/pages\/14\/revisions\/18"}],"wp:attachment":[{"href":"http:\/\/nudelsoppa.se\/index.php?rest_route=%2Fwp%2Fv2%2Fmedia&parent=14"}],"curies":[{"name":"wp","href":"https:\/\/api.w.org\/{rel}","templated":true}]}}